{"id":2538,"date":"2025-12-21T20:01:53","date_gmt":"2025-12-21T19:01:53","guid":{"rendered":"https:\/\/bailaconsol.com\/?page_id=2538"},"modified":"2025-12-21T20:02:14","modified_gmt":"2025-12-21T19:02:14","slug":"datenschutz","status":"publish","type":"page","link":"https:\/\/bailaconsol.com\/es\/datenschutz\/","title":{"rendered":"Datenschutz"},"content":{"rendered":"<style>.elementor-2538 .elementor-element.elementor-element-525c4cb{--display:flex;}<\/style>\t\t<div data-elementor-type=\"wp-page\" data-elementor-id=\"2538\" class=\"elementor elementor-2538\" data-elementor-post-type=\"page\">\n\t\t\t\t<div class=\"elementor-element elementor-element-525c4cb e-flex e-con-boxed e-con e-parent\" data-id=\"525c4cb\" data-element_type=\"container\" data-e-type=\"container\">\n\t\t\t\t\t<div class=\"e-con-inner\">\n\t\t\t\t<div class=\"elementor-element elementor-element-0d106d1 elementor-widget elementor-widget-text-editor\" data-id=\"0d106d1\" data-element_type=\"widget\" data-e-type=\"widget\" data-widget_type=\"text-editor.default\">\n\t\t\t\t<div class=\"elementor-widget-container\">\n\t\t\t\t\t\t\t\t\t<p>\u00a0BailaconSol Datenschutzerkl\u00e4rung<br \/>In dieser Datenschutzerkl\u00e4rung wird beschrieben, wie Ihre personenbezogenen Daten erfasst, verwendet und weitergegeben werden, wenn Sie <br \/>www.bailaconsol.com (die &#8222;Website&#8220;) nutzen oder dort etwas kaufen.<br \/>VON UNS ERFASSTE PERSONENBEZOGENE DATEN<br \/>Wenn Sie die Website besuchen, erfassen wir automatisch bestimmte Informationen \u00fcber Ihr Ger\u00e4t, darunter Informationen zum Webbrowser, der IP<br \/>Adresse, der Zeitzone und einigen der Cookies, die auf Ihrem Ger\u00e4t installiert sind. Wenn Sie auf der Website navigieren, erfassen wir au\u00dferdem <br \/>Informationen zu den einzelnen Webseiten oder Produkten, die Sie aufrufen, zu den Websites oder Suchbegriffen, die Sie auf die Website gef\u00fchrt haben, <br \/>sowie Informationen dar\u00fcber, wie Sie mit der Website interagieren. Wir bezeichnen diese automatisch erfassten Informationen als &#8222;Ger\u00e4teinformationen<br \/>Wir erfassen Ger\u00e4teinformationen mithilfe der folgenden Technologien:- &#8222;Cookies&#8220; sind Datendateien, die auf einem Ger\u00e4t oder Computer gespeichert werden und h\u00e4ufig eine anonyme eindeutige Kennung enthalten. <br \/>Weitere Informationen zu Cookies und zum Deaktivieren von Cookies sind unter http:\/\/www.allaboutcookies.org zu finden.- &#8222;Protokolldateien&#8220; protokollieren Aktionen auf der Website und erfassen Daten wie IP-Adresse, Browsertyp, Internetdienstanbieter, <br \/>verweisende\/Ausstiegsseiten sowie Datums-\/Uhrzeitstempel.- &#8222;Web Beacons&#8220;, &#8222;Tags&#8220; und &#8222;Pixel&#8220; sind elektronische Dateien zur Erfassung von Informationen dazu, wie Sie auf der Website navigieren.<br \/>[[BESCHREIBUNG ANDERER VERWENDETER PROTOKOLLIERUNGSTECHNOLOGIEN EINF\u00dcGEN]]<br \/>Wenn Sie auf der Website etwas kaufen oder versuchen, etwas zu kaufen, erfassen wir au\u00dferdem bestimmte Informationen \u00fcber Ihre Person. Dazu <br \/>geh\u00f6ren Name, Rechnungsadresse, Lieferadresse, Zahlungsinformationen (einschlie\u00dflich Kreditkartennummern [[ANDERE ZUL\u00c4SSIGE ZAHLUNGSARTEN <br \/>EINF\u00dcGEN]]), E-Mail-Adresse und Telefonnummer. Wir bezeichnen diese Angaben als &#8222;Bestellinformationen&#8220;.<br \/>[[ANDERE ERFASSTE INFORMATIONEN EINF\u00dcGEN: OFFLINE-DATEN, ERWORBENE MARKETINGDATEN\/-LISTEN]]<br \/>Mit &#8222;personenbezogene Daten&#8220; in dieser Datenschutzerkl\u00e4rung bezeichnen wir sowohl Ger\u00e4teinformationen als auch Bestellinformationen.<br \/>WIE VERWENDEN WIR IHRE PERSONENBEZOGENEN DATEN?<br \/>Au\u00dferdem verwenden wir diese Bestellinformation zur:<br \/>Kommunikation mit Ihnen;<br \/>Pr\u00fcfung unserer Bestellungen auf potenzielle Risiken oder Betrug und<br \/>Wir verwenden die von uns erfassten Bestellinformationen in der Regel zur Ausf\u00fchrung von Bestellungen, die wir \u00fcber die Website erhalten (unter <br \/>anderem zur Verarbeitung Ihrer Zahlungsinformationen, Versandbereitstellung und Zusendung von Rechnungen und\/oder Bestellbest\u00e4tigungen).<br \/>Bereitstellung von Informationen oder Werbung im Zusammenhang mit unseren Produkten oder Dienstleistungen an Sie, sofern dies mit Ihren <br \/>Datenschutzeinstellungen im Einklang steht.<br \/>[[ANDERE VERWENDUNGSZWECKE VON BESTELLINFORMATIONEN EINF\u00dcGEN]]<br \/>Wir verwenden die von uns erfassten Ger\u00e4teinformationen f\u00fcr die Pr\u00fcfung auf potenzielle Risiken und Betrug (insbesondere Ihre IP-Adresse) und <br \/>allgemein zur Verbesserung und Optimierung unserer Website (z.B. mithilfe von Analysen zum Navigationsverhalten unserer Kunden und ihrer Interaktio<br \/>mit der Website sowie zum Beurteilen des Erfolgs unserer Marketing- und Werbekampagnen).<br \/>[[ANDERE VERWENDUNGSZWECKE VON GER\u00c4TEINFORMATIONEN EINF\u00dcGEN, DARUNTER: WERBUNG\/RETARGETING]]<br \/>WEITERGABE IHRER PERSONENBEZOGEN DATEN<br \/>Wir geben Ihre personenbezogenen Daten an Dritte weiter, die uns bei der Verwendung Ihrer personenbezogenen Daten wie oben beschrieben <br \/>unterst\u00fctzen. Zum Beispiel verwenden wir Shopify, um unseren Onlineshop zu betreiben. Weitere Informationen dazu, wie Shopify Ihre <br \/>personenbezogenen Daten verwendet, finden Sie hier: https:\/\/www.shopify.com\/legal\/privacy. Au\u00dferdem verwenden wir Google Analytics, um zu <br \/>verstehen, wie unsere Kunden die Website nutzen. Weitere Informationen zur Verwendung Ihrer personenbezogenen Daten durch Google finden Sie hier<br \/>https:\/\/policies.google.com\/privacy?hl=de. Hier k\u00f6nnen Sie Google Analytics deaktivieren: https:\/\/tools.google.com\/dlpage\/gaoptout.<br \/>Schlie\u00dflich k\u00f6nnen wir Ihre personenbezogenen Daten auch weitergeben, um geltende Gesetze und Vorschriften einzuhalten, um auf eine Vorladung, <br \/>einen Durchsuchungsbefehl oder eine andere rechtm\u00e4\u00dfige Anfrage nach Informationen, die wir erhalten, zu reagieren oder um unsere Rechte <br \/>anderweitig zu sch\u00fctzen.<br \/>anderweitig zu sch\u00fctzen.<br \/>[[EINF\u00dcGEN, WENN REMARKETING ODER ZIELGERICHTETE WERBUNG EINGESETZT WERDEN]]<br \/>VERHALTENSBASIERTE WERBUNG<br \/>Wie oben beschrieben verwenden wir Ihre personenbezogenen Daten, um Ihnen zielgerichtete Werbung oder Marketingmitteilungen zur Verf\u00fcgung zu <br \/>stellen, von denen wir glauben, dass sie f\u00fcr Sie von Interesse sein k\u00f6nnten. Weitere Informationen dar\u00fcber, wie zielgerichtete Werbung funktioniert, <br \/>finden Sie auf der Aufkl\u00e4rungsseite der Network Advertising Initiative (&#8222;NAI&#8220;) unter http:\/\/www.networkadvertising.org\/understanding-online<br \/>advertising\/how-does-it-work.<br \/>Sie k\u00f6nnen zielgerichtete Anzeigen hier deaktivieren:<br \/>[[<br \/>OPT-OUT-LINKS VON DEN VERWENDETEN DIENSTEN EINF\u00dcGEN.]]<br \/>ZU DEN G\u00c4NGIGEN LINKS GEH\u00d6REN:<br \/>FACEBOOK \u2013 https:\/\/www.facebook.com\/settings\/?tab=ads<br \/>GOOGLE \u2013 https:\/\/www.google.com\/settings\/ads\/anonymous<br \/>BING \u2013 https:\/\/advertise.bingads.microsoft.com\/en-us\/resources\/policies\/personalized-ads<br \/>]]<br \/>Dar\u00fcber hinaus k\u00f6nnen Sie einige dieser Dienste \u00fcber das Opt-out-Portal der Digital Advertising Alliance deaktivieren: http:\/\/optout.aboutads.info\/.<br \/>DO NOT TRACK<br \/>Wir weisen Sie darauf hin, dass wir die Datenerfassungs- und -nutzungsverfahren unserer Website nicht \u00e4ndern, wenn wir von Ihrem Browser ein &#8222;Do No<br \/>Track&#8220;-Signal erhalten.<br \/>[[EINF\u00dcGEN, WENN SIE IN EUROPA SIND ODER IHR SHOP KUNDEN IN EUROPA HAT]]<br \/>IHRE RECHTE<br \/>Wenn Sie in Europa ans\u00e4ssig sind, haben Sie das Recht, auf die personenbezogenen Daten, die wir \u00fcber Sie besitzen, zuzugreifen und deren Korrektur, <br \/>Aktualisierung oder L\u00f6schung zu fordern. Wenn Sie dieses Recht aus\u00fcben m\u00f6chten, setzen Sie sich \u00fcber die nachstehenden Kontaktdaten mit uns in <br \/>Verbindung.<br \/>Wenn Sie in Europa ans\u00e4ssig sind, weisen wir au\u00dferdem darauf hin, dass wir Ihre Daten verarbeiten, um Vertr\u00e4ge mit Ihnen zu erf\u00fcllen (z. B. wenn Sie \u00fcbe<br \/>die Website eine Bestellung aufgeben) oder um unsere oben genannten berechtigten Gesch\u00e4ftsinteressen zu verfolgen. Bitte beachten Sie au\u00dferdem, <br \/>dass Ihre Daten au\u00dferhalb von Europa, einschlie\u00dflich Kanada und den Vereinigten Staaten, \u00fcbertragen werden.<br \/>[EINF\u00dcGEN, FALLS ALTERSBESCHR\u00c4NKUNG N\u00d6TIG]]<br \/>MINDERJ\u00c4HRIGE<br \/>Die Website ist nicht f\u00fcr Personen vorgesehen, die j\u00fcnger als [[ALTER EINF\u00dcGEN]] Jahre alt sind.<br \/>AUFBEWAHRUNG VON DATEN<br \/>Wenn Sie eine Bestellung \u00fcber die Website aufgeben, bewahren wir Ihre Bestellinformationen f\u00fcr unsere Aufzeichnungen auf, sofern Sie uns nicht <br \/>auffordern, diese Daten zu l\u00f6schen.<br \/>\u00c4NDERUNGEN<br \/>Wir k\u00f6nnen diese Datenschutzerkl\u00e4rung gelegentlich \u00e4ndern, um \u00c4nderungen unserer Vorgehensweisen zu ber\u00fccksichtigen, oder aus anderen <br \/>betrieblichen, rechtlichen oder aufsichtsrechtlichen Gr\u00fcnden.<br \/>KONTAKT<br \/>Wenn Sie weitere Informationen zu unseren Datenschutzverfahren ben\u00f6tigen, Fragen haben oder eine Beschwerde einreichen m\u00f6chten, kontaktieren Sie<br \/>uns per E-Mail an yuyasol@hotmail.com oder per Post an die unten genannte Adresse:<br \/>Adlergestell 233,12489 Berlin, Berlin &#8211; Treptow, Adlergestell, 12489, Deutschlan<\/p>\t\t\t\t\t\t\t\t<\/div>\n\t\t\t\t<\/div>\n\t\t\t\t\t<\/div>\n\t\t\t\t<\/div>\n\t\t\t\t<\/div>\n\t\t","protected":false},"excerpt":{"rendered":"<p>\u00a0BailaconSol Datenschutzerkl\u00e4rungIn dieser Datenschutzerkl\u00e4rung wird beschrieben, wie Ihre personenbezogenen Daten erfasst, verwendet und weitergegeben werden, wenn Sie www.bailaconsol.com (die &#8222;Website&#8220;) nutzen oder dort etwas kaufen.VON UNS ERFASSTE PERSONENBEZOGENE DATENWenn Sie die Website besuchen, erfassen wir automatisch bestimmte Informationen \u00fcber Ihr Ger\u00e4t, darunter Informationen zum Webbrowser, der IPAdresse, der Zeitzone und einigen der Cookies, die auf [&hellip;]<\/p>\n","protected":false},"author":1,"featured_media":0,"parent":0,"menu_order":0,"comment_status":"closed","ping_status":"closed","template":"","meta":{"footnotes":""},"class_list":["post-2538","page","type-page","status-publish","hentry"],"yoast_head":"<!-- This site is optimized with the Yoast SEO plugin v27.3 - https:\/\/yoast.com\/product\/yoast-seo-wordpress\/ -->\n<title>Datenschutz - bailaconsol<\/title>\n<meta name=\"robots\" content=\"index, follow, max-snippet:-1, max-image-preview:large, max-video-preview:-1\" \/>\n<link rel=\"canonical\" href=\"https:\/\/bailaconsol.com\/es\/datenschutz\/\" \/>\n<meta property=\"og:locale\" content=\"es_ES\" \/>\n<meta property=\"og:type\" content=\"article\" \/>\n<meta property=\"og:title\" content=\"Datenschutz - bailaconsol\" \/>\n<meta property=\"og:description\" content=\"\u00a0BailaconSol Datenschutzerkl\u00e4rungIn dieser Datenschutzerkl\u00e4rung wird beschrieben, wie Ihre personenbezogenen Daten erfasst, verwendet und weitergegeben werden, wenn Sie www.bailaconsol.com (die &#8222;Website&#8220;) nutzen oder dort etwas kaufen.VON UNS ERFASSTE PERSONENBEZOGENE DATENWenn Sie die Website besuchen, erfassen wir automatisch bestimmte Informationen \u00fcber Ihr Ger\u00e4t, darunter Informationen zum Webbrowser, der IPAdresse, der Zeitzone und einigen der Cookies, die auf [&hellip;]\" \/>\n<meta property=\"og:url\" content=\"https:\/\/bailaconsol.com\/es\/datenschutz\/\" \/>\n<meta property=\"og:site_name\" content=\"bailaconsol\" \/>\n<meta property=\"article:modified_time\" content=\"2025-12-21T19:02:14+00:00\" \/>\n<meta name=\"twitter:card\" content=\"summary_large_image\" \/>\n<meta name=\"twitter:label1\" content=\"Tiempo de lectura\" \/>\n\t<meta name=\"twitter:data1\" content=\"4 minutos\" \/>\n<script type=\"application\/ld+json\" class=\"yoast-schema-graph\">{\"@context\":\"https:\\\/\\\/schema.org\",\"@graph\":[{\"@type\":\"WebPage\",\"@id\":\"https:\\\/\\\/bailaconsol.com\\\/datenschutz\\\/\",\"url\":\"https:\\\/\\\/bailaconsol.com\\\/datenschutz\\\/\",\"name\":\"Datenschutz - bailaconsol\",\"isPartOf\":{\"@id\":\"https:\\\/\\\/bailaconsol.com\\\/#website\"},\"datePublished\":\"2025-12-21T19:01:53+00:00\",\"dateModified\":\"2025-12-21T19:02:14+00:00\",\"breadcrumb\":{\"@id\":\"https:\\\/\\\/bailaconsol.com\\\/datenschutz\\\/#breadcrumb\"},\"inLanguage\":\"es\",\"potentialAction\":[{\"@type\":\"ReadAction\",\"target\":[\"https:\\\/\\\/bailaconsol.com\\\/datenschutz\\\/\"]}]},{\"@type\":\"BreadcrumbList\",\"@id\":\"https:\\\/\\\/bailaconsol.com\\\/datenschutz\\\/#breadcrumb\",\"itemListElement\":[{\"@type\":\"ListItem\",\"position\":1,\"name\":\"Home\",\"item\":\"https:\\\/\\\/bailaconsol.com\\\/\"},{\"@type\":\"ListItem\",\"position\":2,\"name\":\"Datenschutz\"}]},{\"@type\":\"WebSite\",\"@id\":\"https:\\\/\\\/bailaconsol.com\\\/#website\",\"url\":\"https:\\\/\\\/bailaconsol.com\\\/\",\"name\":\"bailaconsol\",\"description\":\"\",\"potentialAction\":[{\"@type\":\"SearchAction\",\"target\":{\"@type\":\"EntryPoint\",\"urlTemplate\":\"https:\\\/\\\/bailaconsol.com\\\/?s={search_term_string}\"},\"query-input\":{\"@type\":\"PropertyValueSpecification\",\"valueRequired\":true,\"valueName\":\"search_term_string\"}}],\"inLanguage\":\"es\"}]}<\/script>\n<!-- \/ Yoast SEO plugin. -->","yoast_head_json":{"title":"Datenschutz - bailaconsol","robots":{"index":"index","follow":"follow","max-snippet":"max-snippet:-1","max-image-preview":"max-image-preview:large","max-video-preview":"max-video-preview:-1"},"canonical":"https:\/\/bailaconsol.com\/es\/datenschutz\/","og_locale":"es_ES","og_type":"article","og_title":"Datenschutz - bailaconsol","og_description":"\u00a0BailaconSol Datenschutzerkl\u00e4rungIn dieser Datenschutzerkl\u00e4rung wird beschrieben, wie Ihre personenbezogenen Daten erfasst, verwendet und weitergegeben werden, wenn Sie www.bailaconsol.com (die &#8222;Website&#8220;) nutzen oder dort etwas kaufen.VON UNS ERFASSTE PERSONENBEZOGENE DATENWenn Sie die Website besuchen, erfassen wir automatisch bestimmte Informationen \u00fcber Ihr Ger\u00e4t, darunter Informationen zum Webbrowser, der IPAdresse, der Zeitzone und einigen der Cookies, die auf [&hellip;]","og_url":"https:\/\/bailaconsol.com\/es\/datenschutz\/","og_site_name":"bailaconsol","article_modified_time":"2025-12-21T19:02:14+00:00","twitter_card":"summary_large_image","twitter_misc":{"Tiempo de lectura":"4 minutos"},"schema":{"@context":"https:\/\/schema.org","@graph":[{"@type":"WebPage","@id":"https:\/\/bailaconsol.com\/datenschutz\/","url":"https:\/\/bailaconsol.com\/datenschutz\/","name":"Datenschutz - bailaconsol","isPartOf":{"@id":"https:\/\/bailaconsol.com\/#website"},"datePublished":"2025-12-21T19:01:53+00:00","dateModified":"2025-12-21T19:02:14+00:00","breadcrumb":{"@id":"https:\/\/bailaconsol.com\/datenschutz\/#breadcrumb"},"inLanguage":"es","potentialAction":[{"@type":"ReadAction","target":["https:\/\/bailaconsol.com\/datenschutz\/"]}]},{"@type":"BreadcrumbList","@id":"https:\/\/bailaconsol.com\/datenschutz\/#breadcrumb","itemListElement":[{"@type":"ListItem","position":1,"name":"Home","item":"https:\/\/bailaconsol.com\/"},{"@type":"ListItem","position":2,"name":"Datenschutz"}]},{"@type":"WebSite","@id":"https:\/\/bailaconsol.com\/#website","url":"https:\/\/bailaconsol.com\/","name":"bailaconsol","description":"","potentialAction":[{"@type":"SearchAction","target":{"@type":"EntryPoint","urlTemplate":"https:\/\/bailaconsol.com\/?s={search_term_string}"},"query-input":{"@type":"PropertyValueSpecification","valueRequired":true,"valueName":"search_term_string"}}],"inLanguage":"es"}]}},"_links":{"self":[{"href":"https:\/\/bailaconsol.com\/es\/wp-json\/wp\/v2\/pages\/2538","targetHints":{"allow":["GET"]}}],"collection":[{"href":"https:\/\/bailaconsol.com\/es\/wp-json\/wp\/v2\/pages"}],"about":[{"href":"https:\/\/bailaconsol.com\/es\/wp-json\/wp\/v2\/types\/page"}],"author":[{"embeddable":true,"href":"https:\/\/bailaconsol.com\/es\/wp-json\/wp\/v2\/users\/1"}],"replies":[{"embeddable":true,"href":"https:\/\/bailaconsol.com\/es\/wp-json\/wp\/v2\/comments?post=2538"}],"version-history":[{"count":4,"href":"https:\/\/bailaconsol.com\/es\/wp-json\/wp\/v2\/pages\/2538\/revisions"}],"predecessor-version":[{"id":2542,"href":"https:\/\/bailaconsol.com\/es\/wp-json\/wp\/v2\/pages\/2538\/revisions\/2542"}],"wp:attachment":[{"href":"https:\/\/bailaconsol.com\/es\/wp-json\/wp\/v2\/media?parent=2538"}],"curies":[{"name":"wp","href":"https:\/\/api.w.org\/{rel}","templated":true}]}}